{"id":4327,"date":"2025-12-27T19:24:30","date_gmt":"2025-12-27T19:24:30","guid":{"rendered":"https:\/\/laserdermatology.pt\/?page_id=4327"},"modified":"2025-12-27T20:14:16","modified_gmt":"2025-12-27T20:14:16","slug":"picoplus-3","status":"publish","type":"page","link":"https:\/\/laserdermatology.pt\/de\/laserterapia\/picoplus-3\/","title":{"rendered":"PicoPlus"},"content":{"rendered":"\t\t<div data-elementor-type=\"wp-page\" data-elementor-id=\"4327\" class=\"elementor elementor-4327\" data-elementor-post-type=\"page\">\n\t\t\t\t\t\t<section class=\"elementor-section elementor-top-section elementor-element elementor-element-6caaade elementor-section-boxed elementor-section-height-default elementor-section-height-default\" data-id=\"6caaade\" data-element_type=\"section\" data-e-type=\"section\">\n\t\t\t\t\t\t<div class=\"elementor-container elementor-column-gap-default\">\n\t\t\t\t\t<div class=\"elementor-column elementor-col-100 elementor-top-column elementor-element elementor-element-83866a1\" data-id=\"83866a1\" data-element_type=\"column\" data-e-type=\"column\">\n\t\t\t<div class=\"elementor-widget-wrap elementor-element-populated\">\n\t\t\t\t\t\t<div class=\"elementor-element elementor-element-2076d8b elementor-widget__width-inherit elementor-widget elementor-widget-heading\" data-id=\"2076d8b\" data-element_type=\"widget\" data-e-type=\"widget\" data-widget_type=\"heading.default\">\n\t\t\t\t<div class=\"elementor-widget-container\">\n\t\t\t\t\t<h1 class=\"elementor-heading-title elementor-size-default\">Pikosekundenlaser (PicoPlus)<\/h1>\t\t\t\t<\/div>\n\t\t\t\t<\/div>\n\t\t\t\t<section class=\"elementor-section elementor-inner-section elementor-element elementor-element-9349ec1 elementor-section-boxed elementor-section-height-default elementor-section-height-default\" data-id=\"9349ec1\" data-element_type=\"section\" data-e-type=\"section\">\n\t\t\t\t\t\t<div class=\"elementor-container elementor-column-gap-default\">\n\t\t\t\t\t<div class=\"elementor-column elementor-col-50 elementor-inner-column elementor-element elementor-element-f07ac92\" data-id=\"f07ac92\" data-element_type=\"column\" data-e-type=\"column\">\n\t\t\t<div class=\"elementor-widget-wrap elementor-element-populated\">\n\t\t\t\t\t\t<div class=\"elementor-element elementor-element-53de420 elementor-widget elementor-widget-text-editor\" data-id=\"53de420\" data-element_type=\"widget\" data-e-type=\"widget\" data-widget_type=\"text-editor.default\">\n\t\t\t\t<div class=\"elementor-widget-container\">\n\t\t\t\t\t\t\t\t\t<p>Lasersysteme haben sich in den letzten Jahren stark ver\u00e4ndert und verbessert. Eine der innovativsten und wichtigsten Neuerungen ist der Wechsel vom \u201eklassischen\u201c Nanosekundenlaser (qs-Laser) zum sogenannten Pikosekundenlaser. Der PicoPlus von Lutronic gilt als einer der besten Pikosekundenlaser der Welt und steht exemplarisch daf\u00fcr, warum Pikosekundenlaser als gro\u00dfe Innovation gelten. Der PicoPlus ist einer der weltbesten Laser und in Portugal nur extrem selten zu finden.<\/p><p>Der DermaV ist ein hoch innovatives Lasersystem, das verschiedene Techniken kombiniert. Dadurch k\u00f6nnen Ergebnisse erzielt werden, die zuvor mit anderen Lasern unm\u00f6glich waren. Der DermaV behandelt insbesondere Gef\u00e4\u00dfver\u00e4nderungen und Pigmente.<\/p>\t\t\t\t\t\t\t\t<\/div>\n\t\t\t\t<\/div>\n\t\t\t\t\t<\/div>\n\t\t<\/div>\n\t\t\t\t<div class=\"elementor-column elementor-col-50 elementor-inner-column elementor-element elementor-element-e85508c\" data-id=\"e85508c\" data-element_type=\"column\" data-e-type=\"column\">\n\t\t\t<div class=\"elementor-widget-wrap elementor-element-populated\">\n\t\t\t\t\t\t<div class=\"elementor-element elementor-element-9f5e6fa elementor-widget elementor-widget-image\" data-id=\"9f5e6fa\" data-element_type=\"widget\" data-e-type=\"widget\" data-widget_type=\"image.default\">\n\t\t\t\t<div class=\"elementor-widget-container\">\n\t\t\t\t\t\t\t\t\t\t\t\t\t\t\t<img fetchpriority=\"high\" decoding=\"async\" width=\"700\" height=\"933\" src=\"https:\/\/laserdermatology.pt\/wp-content\/uploads\/2025\/12\/PicoPlus.png\" class=\"attachment-large size-large wp-image-4297\" alt=\"Picosecond Laser\" srcset=\"https:\/\/laserdermatology.pt\/wp-content\/uploads\/2025\/12\/PicoPlus.png 700w, https:\/\/laserdermatology.pt\/wp-content\/uploads\/2025\/12\/PicoPlus-225x300.png 225w\" sizes=\"(max-width: 700px) 100vw, 700px\" \/>\t\t\t\t\t\t\t\t\t\t\t\t\t\t\t<\/div>\n\t\t\t\t<\/div>\n\t\t\t\t\t<\/div>\n\t\t<\/div>\n\t\t\t\t\t<\/div>\n\t\t<\/section>\n\t\t\t\t<div class=\"elementor-element elementor-element-4ea29f7 elementor-widget elementor-widget-text-editor\" data-id=\"4ea29f7\" data-element_type=\"widget\" data-e-type=\"widget\" data-widget_type=\"text-editor.default\">\n\t\t\t\t<div class=\"elementor-widget-container\">\n\t\t\t\t\t\t\t\t\t<h2>Was ist ein Pikosekundenlaser?<\/h2><p>Pikosekundenlaser zeichnen sich durch extrem kurze Lichtimpulse aus: Jeder Lichtimpuls dauert nur wenige Pikosekunden \u2014 also ein Billionstel einer Sekunde (450\u202fps beim PicoPlus). Das ist f\u00fcr uns Menschen nicht vorstellbar. Als direkter Vergleich: 10.000 Jahre w\u00fcrden in einer halben Sekunde vergehen. So extrem ist ein Billionstel.<\/p><p>Die Lichtimpulse dieses Lasers sind damit etwa 100\u2011mal k\u00fcrzer als bei klassischen Nanosekundenlasern. Dadurch wird weniger thermische Energie (also Hitze) im Gewebe erzeugt. Statt auf Hitze setzt der Pikosekundenlaser vor allem auf einen photomechanischen Effekt (eine Art Schockwelle), der Pigmente oder Tattoopartikel zerst\u00e4ubt. Je kleiner die Teilchen, desto besser der Abbau durch unser Immunsystem.<\/p><p>Das Ergebnis: Pigmente werden effizient aufgebrochen, aber die umgebende Haut wird geschont. Unsere Haut leidet somit weniger unter der Hitzeeinwirkung, was die Heilung erleichtert und Nebenwirkungen reduziert. Somit k\u00f6nnen auch dunklere Hauttypen risiko\u00e4rmer behandelt werden.<\/p><h2>Was ist der Unterschied zwischen einem Pikosekundenlaser und einem qs-Laser?<\/h2><p>Bis vor einigen Jahren waren qs-Laser (Nanosekundenlaser) die Laser mit den k\u00fcrzesten Impulsen und somit am effektivsten zur Tattooentfernung und am schonendsten zur Haut. Die Pikosekundenlaser sind eine Art qs-Laser, allerdings mit viel k\u00fcrzeren Impulsen, so dass sie offiziell nicht mehr zur Klasse der qs-Laser, sondern eben zu den Pikosekundenlasern geh\u00f6ren.<\/p><p>Pikosekundenlaser wie der PicoPlus verursachen besonders wenig Schmerzen, sind besonders effektiv in der Tattoo- und Pigmententfernung und sind am schonendsten zur Haut. Sie sind en Nanosekundenlasern daher \u00fcberlegen.<\/p><h2>Was macht den PicoPlus-Laser so besonders?<\/h2><p>Der PicoPlus von Lutronic vereint hervorragende technische Eigenschaften mit gro\u00dfer Variabilit\u00e4t, das macht ihn zu einem der flexibelsten und wirksamsten Ger\u00e4te seiner Klasse.<\/p><p>Er bietet vier Wellenl\u00e4ngen: 1064\u202fnm, 660\u202fnm, 595\u202fnm und 532\u202fnm, damit k\u00f6nnen unterschiedliche Pigmente, T\u00e4towierfarben und Permanent Make-Up gezielt adressiert werden. Die Anwendung erfolgt immer unter Ber\u00fccksichtigung der unterschiedlichen Hauttypen.\u00a0<\/p><p>Der Laser kann au\u00dferdem zwischen Pikosekunden- und Nanosekunden\u2011Modus wechseln. So kann man die Vorteile beider Technologien nutzen, falls einmal mehr \u201eHitze\u201c ben\u00f6tigt wird. Mit sehr hoher Spitzenleistung (bis zu 1.8\u202fGW) ist er auch bei hartn\u00e4ckigen Pigmentierungen und alten T\u00e4towierungen effektiv.<\/p><p>Umfangreiche Einstellungsm\u00f6glichkeiten (Fluenz, Spotgr\u00f6\u00dfe, Auswahl der Handst\u00fccke) bieten gro\u00dfe Behandlungsspielr\u00e4ume von sehr sanft bis sehr intensiv, je nach Hauttyp und Ziel. Allerdings geh\u00f6rt dieses Ger\u00e4t nur in H\u00e4nde von Profis.<\/p><p>Diese Kombination aus Power, Pr\u00e4zision und Flexibilit\u00e4t erlaubt es dem PicoPlus, sehr unterschiedliche Anwendungsbereiche weit \u00fcber klassische Laserbehandlungen hinaus abzudecken.<\/p><h2>Was sind die Einsatzgebiete des Pikosekundenlasers (PicoPlus)?<\/h2><p>Der PicoPlus hat ein sehr breites Indikationsspektrum. Hier ein \u00dcberblick:<\/p><ul><li><strong>Pigmentst\u00f6rungen<\/strong>: Altersflecken, Sonnensch\u00e4den, Sommersprossen, dunkle Pigmentflecken, Melasma, Caf\u00e9-au-lait-Flecken, postinflammatorische Pigmentierungen<\/li><li><strong>T\u00e4towierungsentfernung<\/strong>: Besonders effektiv bei T\u00e4towierungen, auch mehrfarbige und schwer zu entfernenden Tattoos k\u00f6nnen behandelt werden. Die Kombination aus mehreren Wellenl\u00e4ngen und hoher Leistung zerkleinert die Tattoopartikel sehr fein und beschleunigt die Entfernung. Der Pikosekundenlaser gilt heutzutage als der Goldstandard der T\u00e4towierungsentfernung.<\/li><li><strong>Hautverj\u00fcngung &amp; Narbenbehandlung<\/strong>: Der PicoPlus kann auch zur Hautverj\u00fcngung, Verbesserung der Hauttextur oder feiner Falten, Porenverkleinerung und Behandlung von Aknenarben eingesetzt werden.<\/li><li><strong>Allgemeine Haut\u00e4sthetik<\/strong>: Bei ungleichm\u00e4\u00dfigem Hautton, sonnengesch\u00e4digter Haut, Alterserscheinungen oder einfach dem Wunsch nach frischer, gleichm\u00e4\u00dfiger Haut kann der Pikosekundenlaser eine wirksame Option sein.<\/li><li><strong>Hautkrebspr\u00e4vention<\/strong>: Aus der aktuellen Forschung gibt es deutliche Hinweise, dass die Behandlung zur Rejuvenation auch hautkrebspr\u00e4ventive Wirkung hat. Wer also Sonnensch\u00e4den hat, verbessert nicht nur sein \u00e4sthetisches Erscheinungsbild, sondern auch seine Hautgesundheit.<\/li><\/ul><p>Ob zur Entfernung von k\u00f6rpereigenen Pigmenten, Tattoopigmenten, zur Verbesserung der Hautstruktur oder als Anti-Aging-Behandlung, der PicoPlus deckt viele Bed\u00fcrfnisse ab.<\/p><h2>Welche Vorteile hat der Pikosekundenlaser (PicoPlus) gegen\u00fcber \u00e4lteren Verfahren?<\/h2><p>Pikosekundenlaser (insbesondere der PicoPlus) haben in ihrer Anwendung verschiedene Vorteile gegen\u00fcber \u00e4lteren Lasermodellen wie den \u201eklassischen\u201c qs Nanosekundenlasern:<\/p><ul><li><strong>Schnellere Ergebnisse, weniger Sitzungen<\/strong>: Weil Pigmente und Tattoopartikel feiner zersprengt werden, braucht der K\u00f6rper weniger Zeit f\u00fcr den Abtransport, folglich sind weniger Behandlungen n\u00f6tig, um ein gutes Ergebnis zu erzielen.<\/li><li><strong>Weniger Nebenwirkungen<\/strong>: Die extrem kurzen Impulse reduzieren W\u00e4rme\u2011 und Hitzesch\u00e4den, was das Risiko f\u00fcr Verbrennungen, Pigmentver\u00e4nderungen (Hyper\u2011 oder Hypopigmentierungen) und Narben deutlich senkt.<\/li><li><strong>Breites Anwendungsspektrum mit nur einem Ger\u00e4t<\/strong>: Anstatt f\u00fcr jede Indikation ein eigenes Laserger\u00e4t zu brauchen (z.\u202fB. Tattoo, Pigmente, Narben, Hautverj\u00fcngung), deckt der PicoPlus viele Bed\u00fcrfnisse ab. In nur 1 Sitzung k\u00f6nnen mehrere Behandlungsziele erreicht werden.<\/li><li><strong>Schonendere Behandlung mit schnellerer Heilung<\/strong>: Durch geringere W\u00e4rmebelastung, pr\u00e4zise Einstellungsm\u00f6glichkeiten und schonende Energieabgabe ist die Erholungszeit kurz. Meistens ist die \u201eDowntime\u201c sehr kurz bis gar nicht vorhanden.<\/li><\/ul><h2>Welche Risiken und Nebenwirkungen hat der Pikosekundenlaser?<\/h2><p>So beeindruckend die Technik auch ist, Pikosekundenlaser sind kein Allheilmittel. Hier einige wichtige Hinweise:<\/p><ul><li><strong>Erfahrenes \u00e4rztliches Personal n\u00f6tig<\/strong>: Wegen der hohen Leistung und der vielen Parameter (Wellenl\u00e4nge, Energie, Pulsdauer, Spotgr\u00f6\u00dfe usw.) ist eine sorgf\u00e4ltige Handhabung essentiell. Falsch eingestellt kann nat\u00fcrlich auch ein Pikosekundenlaser Sch\u00e4den verursachen.<\/li><li><strong>Eine oder mehrere Sitzungen n\u00f6tig<\/strong>: Trotz gro\u00dfer Effizienz ist gelegentlich eine einzige Sitzung nicht ausreichend, denn je nach Problem bedarf es manchmal mehrerer Behandlungen. Kleine Sonnenflecken der Haut (sogenannte Altersflecken) sind oft nach einer Sitzung komplett entfernt. T\u00e4towierungen hingegen brauchen fast immer mehr als eine Sitzung. Bei dunkleren Hauttypen ist Vorsicht geboten, hier wird eigentlich immer in mehreren Sitzungen mit sanfteren Einstellungen behandelt.<\/li><li><strong>Nicht alle Pigmente oder Tattoos sind gleich<\/strong>: Manche Farben oder sehr tief sitzende Pigmente sind hartn\u00e4ckiger und m\u00fcssen ggf. mit mehreren Methoden (PicoPlus + z.B. anderer Laser) kombiniert werden.<\/li><li><strong>Kosten und Verf\u00fcgbarkeit<\/strong>: Hochwertige Ger\u00e4te wie der PicoPlus sind vergleichsweise teuer und in Portugal extrem selten zu finden.<\/li><\/ul><h2>Wie ist der Ablauf einer Behandlung mit dem Pikosekundenlaser (PicoPlus)?<\/h2><p>Da der Pikosekundenlaser sehr wenig Hitze in der Haut verursacht, sp\u00fcrt der Patienten kaum bis keine Schmerzen. Eine Bet\u00e4ubungscreme ist also nicht immer notwendig. Der Laserimpuls wird auf der Haut als Prickeln empfunden.<\/p><h2>Fazit<\/h2><p>Der PicoPlus von Lutronic zeigt eindrucksvoll, was moderne Lasertechnologie heute leisten kann: Mit ultrakurzen Pikosekundenimpulsen, hoher Leistung und enormer Vielseitigkeit l\u00e4sst er Pigmentflecken verschwinden, entfernt selbst schwierige Tattoos und l\u00e4sst die Haut straffer, j\u00fcnger und gleichm\u00e4\u00dfiger erscheinen \u2014 und das oft mit weniger Sitzungen, geringerem Risiko und k\u00fcrzerer Ausfallzeit als bei \u00e4lteren Laserger\u00e4ten.<\/p><p>F\u00fcr viele \u00e4sthetische und dermatologische Behandlungen ist der PicoPlus daher ein leistungsstarkes, modernes und effizientes Werkzeug \u2014 vorausgesetzt, er wird von erfahrenen Fachpersonen eingesetzt.<\/p>\t\t\t\t\t\t\t\t<\/div>\n\t\t\t\t<\/div>\n\t\t\t\t\t<\/div>\n\t\t<\/div>\n\t\t\t\t\t<\/div>\n\t\t<\/section>\n\t\t\t\t<section class=\"elementor-section elementor-top-section elementor-element elementor-element-40927af elementor-section-boxed elementor-section-height-default elementor-section-height-default\" data-id=\"40927af\" data-element_type=\"section\" data-e-type=\"section\">\n\t\t\t\t\t\t<div class=\"elementor-container elementor-column-gap-default\">\n\t\t\t\t\t<div class=\"elementor-column elementor-col-100 elementor-top-column elementor-element elementor-element-651d917\" data-id=\"651d917\" data-element_type=\"column\" data-e-type=\"column\">\n\t\t\t<div class=\"elementor-widget-wrap elementor-element-populated\">\n\t\t\t\t\t\t<section class=\"elementor-section elementor-inner-section elementor-element elementor-element-dce6d18 elementor-section-boxed elementor-section-height-default elementor-section-height-default\" data-id=\"dce6d18\" data-element_type=\"section\" data-e-type=\"section\">\n\t\t\t\t\t\t<div class=\"elementor-container elementor-column-gap-default\">\n\t\t\t\t\t<div class=\"elementor-column elementor-col-50 elementor-inner-column elementor-element elementor-element-9179599\" data-id=\"9179599\" data-element_type=\"column\" data-e-type=\"column\">\n\t\t\t<div class=\"elementor-widget-wrap elementor-element-populated\">\n\t\t\t\t\t\t<div class=\"elementor-element elementor-element-ec4a160 elementor-widget elementor-widget-text-editor\" data-id=\"ec4a160\" data-element_type=\"widget\" data-e-type=\"widget\" data-widget_type=\"text-editor.default\">\n\t\t\t\t<div class=\"elementor-widget-container\">\n\t\t\t\t\t\t\t\t\t<p>Sie interessieren sich f\u00fcr eine Laser-Behandlung im Raum Margem Sul \/ Almada \/ Set\u00fabal \/ Grande Lisboa? Dann kontaktieren Sie uns. Wir beraten Sie gerne.<\/p>\t\t\t\t\t\t\t\t<\/div>\n\t\t\t\t<\/div>\n\t\t\t\t\t<\/div>\n\t\t<\/div>\n\t\t\t\t<div class=\"elementor-column elementor-col-50 elementor-inner-column elementor-element elementor-element-96a3690\" data-id=\"96a3690\" data-element_type=\"column\" data-e-type=\"column\">\n\t\t\t<div class=\"elementor-widget-wrap elementor-element-populated\">\n\t\t\t\t\t\t<div class=\"elementor-element elementor-element-a62985e elementor-align-center elementor-widget elementor-widget-button\" data-id=\"a62985e\" data-element_type=\"widget\" data-e-type=\"widget\" data-widget_type=\"button.default\">\n\t\t\t\t<div class=\"elementor-widget-container\">\n\t\t\t\t\t\t\t\t\t<div class=\"elementor-button-wrapper\">\n\t\t\t\t\t<a class=\"elementor-button elementor-button-link elementor-size-sm\" href=\"https:\/\/laserdermatology.pt\/de\/estetica\/\">\n\t\t\t\t\t\t<span class=\"elementor-button-content-wrapper\">\n\t\t\t\t\t\t\t\t\t<span class=\"elementor-button-text\">TERMIN VEREINBAREN<\/span>\n\t\t\t\t\t<\/span>\n\t\t\t\t\t<\/a>\n\t\t\t\t<\/div>\n\t\t\t\t\t\t\t\t<\/div>\n\t\t\t\t<\/div>\n\t\t\t\t\t<\/div>\n\t\t<\/div>\n\t\t\t\t\t<\/div>\n\t\t<\/section>\n\t\t\t\t\t<\/div>\n\t\t<\/div>\n\t\t\t\t\t<\/div>\n\t\t<\/section>\n\t\t\t\t<section class=\"elementor-section elementor-top-section elementor-element elementor-element-d81dc37 elementor-section-boxed elementor-section-height-default elementor-section-height-default\" data-id=\"d81dc37\" data-element_type=\"section\" data-e-type=\"section\">\n\t\t\t\t\t\t<div class=\"elementor-container elementor-column-gap-default\">\n\t\t\t\t\t<div class=\"elementor-column elementor-col-100 elementor-top-column elementor-element elementor-element-12496fa\" data-id=\"12496fa\" data-element_type=\"column\" data-e-type=\"column\">\n\t\t\t<div class=\"elementor-widget-wrap elementor-element-populated\">\n\t\t\t\t\t\t<div class=\"elementor-element elementor-element-82d1106 elementor-align-center elementor-widget elementor-widget-button\" data-id=\"82d1106\" data-element_type=\"widget\" data-e-type=\"widget\" data-widget_type=\"button.default\">\n\t\t\t\t<div class=\"elementor-widget-container\">\n\t\t\t\t\t\t\t\t\t<div class=\"elementor-button-wrapper\">\n\t\t\t\t\t<a class=\"elementor-button elementor-button-link elementor-size-sm\" href=\"https:\/\/laserdermatology.pt\/de\/estetica\/\">\n\t\t\t\t\t\t<span class=\"elementor-button-content-wrapper\">\n\t\t\t\t\t\t\t\t\t<span class=\"elementor-button-text\">ZUR\u00dcCK<\/span>\n\t\t\t\t\t<\/span>\n\t\t\t\t\t<\/a>\n\t\t\t\t<\/div>\n\t\t\t\t\t\t\t\t<\/div>\n\t\t\t\t<\/div>\n\t\t\t\t\t<\/div>\n\t\t<\/div>\n\t\t\t\t\t<\/div>\n\t\t<\/section>\n\t\t\t\t<\/div>\n\t\t","protected":false},"excerpt":{"rendered":"<p>Laser de Picossegundos (PicoPlus) Os sistemas de laser sofreram mudan\u00e7as e melhorias significativas nos \u00faltimos anos. Uma das inova\u00e7\u00f5es mais inovadoras e importantes \u00e9 a transi\u00e7\u00e3o do laser de nanosegundos &#8222;cl\u00e1ssico&#8220; (laser qs) para o laser de picossegundos. O PicoPlus da Lutronic \u00e9 considerado um dos melhores lasers de picossegundos do mundo e exemplifica por [&hellip;]<\/p>\n","protected":false},"author":234862901,"featured_media":0,"parent":176,"menu_order":0,"comment_status":"closed","ping_status":"closed","template":"elementor_header_footer","meta":{"site-sidebar-layout":"no-sidebar","site-content-layout":"","ast-site-content-layout":"full-width-container","site-content-style":"default","site-sidebar-style":"default","ast-global-header-display":"disabled","ast-banner-title-visibility":"","ast-main-header-display":"","ast-hfb-above-header-display":"","ast-hfb-below-header-display":"","ast-hfb-mobile-header-display":"","site-post-title":"disabled","ast-breadcrumbs-content":"","ast-featured-img":"disabled","footer-sml-layout":"disabled","theme-transparent-header-meta":"","adv-header-id-meta":"","stick-header-meta":"","header-above-stick-meta":"","header-main-stick-meta":"","header-below-stick-meta":"","astra-migrate-meta-layouts":"default","ast-page-background-enabled":"default","ast-page-background-meta":{"desktop":{"background-color":"var(--ast-global-color-4)","background-image":"","background-repeat":"repeat","background-position":"center center","background-size":"auto","background-attachment":"scroll","background-type":"","background-media":"","overlay-type":"","overlay-color":"","overlay-opacity":"","overlay-gradient":""},"tablet":{"background-color":"","background-image":"","background-repeat":"repeat","background-position":"center center","background-size":"auto","background-attachment":"scroll","background-type":"","background-media":"","overlay-type":"","overlay-color":"","overlay-opacity":"","overlay-gradient":""},"mobile":{"background-color":"","background-image":"","background-repeat":"repeat","background-position":"center center","background-size":"auto","background-attachment":"scroll","background-type":"","background-media":"","overlay-type":"","overlay-color":"","overlay-opacity":"","overlay-gradient":""}},"ast-content-background-meta":{"desktop":{"background-color":"var(--ast-global-color-5)","background-image":"","background-repeat":"repeat","background-position":"center center","background-size":"auto","background-attachment":"scroll","background-type":"","background-media":"","overlay-type":"","overlay-color":"","overlay-opacity":"","overlay-gradient":""},"tablet":{"background-color":"var(--ast-global-color-5)","background-image":"","background-repeat":"repeat","background-position":"center center","background-size":"auto","background-attachment":"scroll","background-type":"","background-media":"","overlay-type":"","overlay-color":"","overlay-opacity":"","overlay-gradient":""},"mobile":{"background-color":"var(--ast-global-color-5)","background-image":"","background-repeat":"repeat","background-position":"center center","background-size":"auto","background-attachment":"scroll","background-type":"","background-media":"","overlay-type":"","overlay-color":"","overlay-opacity":"","overlay-gradient":""}},"footnotes":""},"class_list":["post-4327","page","type-page","status-publish","hentry"],"_links":{"self":[{"href":"https:\/\/laserdermatology.pt\/de\/wp-json\/wp\/v2\/pages\/4327","targetHints":{"allow":["GET"]}}],"collection":[{"href":"https:\/\/laserdermatology.pt\/de\/wp-json\/wp\/v2\/pages"}],"about":[{"href":"https:\/\/laserdermatology.pt\/de\/wp-json\/wp\/v2\/types\/page"}],"author":[{"embeddable":true,"href":"https:\/\/laserdermatology.pt\/de\/wp-json\/wp\/v2\/users\/234862901"}],"replies":[{"embeddable":true,"href":"https:\/\/laserdermatology.pt\/de\/wp-json\/wp\/v2\/comments?post=4327"}],"version-history":[{"count":40,"href":"https:\/\/laserdermatology.pt\/de\/wp-json\/wp\/v2\/pages\/4327\/revisions"}],"predecessor-version":[{"id":4375,"href":"https:\/\/laserdermatology.pt\/de\/wp-json\/wp\/v2\/pages\/4327\/revisions\/4375"}],"up":[{"embeddable":true,"href":"https:\/\/laserdermatology.pt\/de\/wp-json\/wp\/v2\/pages\/176"}],"wp:attachment":[{"href":"https:\/\/laserdermatology.pt\/de\/wp-json\/wp\/v2\/media?parent=4327"}],"curies":[{"name":"wp","href":"https:\/\/api.w.org\/{rel}","templated":true}]}}