{"id":3386,"date":"2024-12-05T12:50:30","date_gmt":"2024-12-05T12:50:30","guid":{"rendered":"https:\/\/laserdermatology.pt\/?page_id=3386"},"modified":"2025-04-26T13:50:03","modified_gmt":"2025-04-26T12:50:03","slug":"cuidados-apos-o-botox","status":"publish","type":"page","link":"https:\/\/laserdermatology.pt\/de\/estetica\/cuidados-apos-o-botox\/","title":{"rendered":"Cuidados ap\u00f3s o Botox"},"content":{"rendered":"\t\t<div data-elementor-type=\"wp-page\" data-elementor-id=\"3386\" class=\"elementor elementor-3386\" data-elementor-post-type=\"page\">\n\t\t\t\t\t\t<section class=\"elementor-section elementor-top-section elementor-element elementor-element-3426071 elementor-section-boxed elementor-section-height-default elementor-section-height-default\" data-id=\"3426071\" data-element_type=\"section\" data-e-type=\"section\">\n\t\t\t\t\t\t<div class=\"elementor-container elementor-column-gap-default\">\n\t\t\t\t\t<div class=\"elementor-column elementor-col-100 elementor-top-column elementor-element elementor-element-919ec7e\" data-id=\"919ec7e\" data-element_type=\"column\" data-e-type=\"column\">\n\t\t\t<div class=\"elementor-widget-wrap elementor-element-populated\">\n\t\t\t\t\t\t<div class=\"elementor-element elementor-element-d6c67fd elementor-widget elementor-widget-heading\" data-id=\"d6c67fd\" data-element_type=\"widget\" data-e-type=\"widget\" data-widget_type=\"heading.default\">\n\t\t\t\t<div class=\"elementor-widget-container\">\n\t\t\t\t\t<h1 class=\"elementor-heading-title elementor-size-default\">Die richtige Botox-Nachsorge<\/h1>\t\t\t\t<\/div>\n\t\t\t\t<\/div>\n\t\t\t\t<section class=\"elementor-section elementor-inner-section elementor-element elementor-element-1e26099 elementor-section-boxed elementor-section-height-default elementor-section-height-default\" data-id=\"1e26099\" data-element_type=\"section\" data-e-type=\"section\">\n\t\t\t\t\t\t<div class=\"elementor-container elementor-column-gap-default\">\n\t\t\t\t\t<div class=\"elementor-column elementor-col-50 elementor-inner-column elementor-element elementor-element-955e938\" data-id=\"955e938\" data-element_type=\"column\" data-e-type=\"column\">\n\t\t\t<div class=\"elementor-widget-wrap elementor-element-populated\">\n\t\t\t\t\t\t<div class=\"elementor-element elementor-element-b96a84d elementor-widget elementor-widget-text-editor\" data-id=\"b96a84d\" data-element_type=\"widget\" data-e-type=\"widget\" data-widget_type=\"text-editor.default\">\n\t\t\t\t<div class=\"elementor-widget-container\">\n\t\t\t\t\t\t\t\t\t<p>Nach einer Botox-Behandlung sind Sie direkt wieder gesellschaftsf\u00e4hig. Dennoch gibt es einige Verhaltensempfehlungen, die Sie beachten sollten, um das optimale Ergebnis zu erzielen.<\/p>\t\t\t\t\t\t\t\t<\/div>\n\t\t\t\t<\/div>\n\t\t\t\t\t<\/div>\n\t\t<\/div>\n\t\t\t\t<div class=\"elementor-column elementor-col-50 elementor-inner-column elementor-element elementor-element-e54e67e\" data-id=\"e54e67e\" data-element_type=\"column\" data-e-type=\"column\">\n\t\t\t<div class=\"elementor-widget-wrap elementor-element-populated\">\n\t\t\t\t\t\t<div class=\"elementor-element elementor-element-9c39315 elementor-widget elementor-widget-image\" data-id=\"9c39315\" data-element_type=\"widget\" data-e-type=\"widget\" data-widget_type=\"image.default\">\n\t\t\t\t<div class=\"elementor-widget-container\">\n\t\t\t\t\t\t\t\t\t\t\t\t\t\t\t<img fetchpriority=\"high\" decoding=\"async\" width=\"1024\" height=\"683\" src=\"https:\/\/laserdermatology.pt\/wp-content\/uploads\/2024\/12\/Cuidados-apos-o-Botox.jpg\" class=\"attachment-large size-large wp-image-3391\" alt=\"Mulher olha-se ao espelho depois de um tratamento com Botox\" \/>\t\t\t\t\t\t\t\t\t\t\t\t\t\t\t<\/div>\n\t\t\t\t<\/div>\n\t\t\t\t\t<\/div>\n\t\t<\/div>\n\t\t\t\t\t<\/div>\n\t\t<\/section>\n\t\t\t\t<div class=\"elementor-element elementor-element-a9a6fb4 elementor-widget elementor-widget-heading\" data-id=\"a9a6fb4\" data-element_type=\"widget\" data-e-type=\"widget\" data-widget_type=\"heading.default\">\n\t\t\t\t<div class=\"elementor-widget-container\">\n\t\t\t\t\t<h2 class=\"elementor-heading-title elementor-size-default\">Behandelte Zonen nach einer Botox-Injektion k\u00fchlen<\/h2>\t\t\t\t<\/div>\n\t\t\t\t<\/div>\n\t\t\t\t<div class=\"elementor-element elementor-element-7598a05 elementor-widget elementor-widget-text-editor\" data-id=\"7598a05\" data-element_type=\"widget\" data-e-type=\"widget\" data-widget_type=\"text-editor.default\">\n\t\t\t\t<div class=\"elementor-widget-container\">\n\t\t\t\t\t\t\t\t\t<p>Direkt nach der Injektion erhalten Sie von uns ein K\u00fchlpad, um die betroffenen Hautbereiche zu k\u00fchlen. Dies reduziert das Risiko f\u00fcr Schwellungen und Bluterg\u00fcsse, da sich die Blutgef\u00e4\u00dfe zusammen ziehen. Die K\u00e4lte hat au\u00dferdem eine schmerzstillende Wirkung.<\/p>\t\t\t\t\t\t\t\t<\/div>\n\t\t\t\t<\/div>\n\t\t\t\t<div class=\"elementor-element elementor-element-2baa6fd elementor-widget elementor-widget-heading\" data-id=\"2baa6fd\" data-element_type=\"widget\" data-e-type=\"widget\" data-widget_type=\"heading.default\">\n\t\t\t\t<div class=\"elementor-widget-container\">\n\t\t\t\t\t<h2 class=\"elementor-heading-title elementor-size-default\">Kein Sport am Tag nach der Behandlung<\/h2>\t\t\t\t<\/div>\n\t\t\t\t<\/div>\n\t\t\t\t<div class=\"elementor-element elementor-element-e2c13ba elementor-widget elementor-widget-text-editor\" data-id=\"e2c13ba\" data-element_type=\"widget\" data-e-type=\"widget\" data-widget_type=\"text-editor.default\">\n\t\t\t\t<div class=\"elementor-widget-container\">\n\t\t\t\t\t\t\t\t\t<p>Am Tag und am Folgetag der Behandlung sollten Sie auf sportliche Aktivit\u00e4ten verzichten, um Ihren Puls nicht unn\u00f6tig in die H\u00f6he zu treiben. Dadurch reduziert sich das Risiko von Schwellungen und Bluterg\u00fcssen, die nach einer kosmetischen Injektion in seltenen F\u00e4llen auftreten k\u00f6nnen. Au\u00dferdem k\u00f6nnte durch eine verst\u00e4rkte Durchblutung der Wirkstoff vermehrt von seinem Zielort wegtransportiert werden.<\/p>\t\t\t\t\t\t\t\t<\/div>\n\t\t\t\t<\/div>\n\t\t\t\t<div class=\"elementor-element elementor-element-3bc653a elementor-widget elementor-widget-text-editor\" data-id=\"3bc653a\" data-element_type=\"widget\" data-e-type=\"widget\" data-widget_type=\"text-editor.default\">\n\t\t\t\t<div class=\"elementor-widget-container\">\n\t\t\t\t\t\t\t\t\t<p>Von anstrengenden Workouts raten wir daher in den ersten Tagen nach der Behandlung ab. Besser geeignet sind Aktivit\u00e4ten, die eine gleichm\u00e4\u00dfige, niedrige Herzfrequenz sicherstellen, wie Dehn\u00fcbungen oder Spazierg\u00e4nge. Au\u00dferdem sollten Sie auch auf Saune-Besuche oder warme B\u00e4der verzichten, da dadurch ebenfalls die Durchblutung im Gesicht verst\u00e4rkt wird.<\/p>\t\t\t\t\t\t\t\t<\/div>\n\t\t\t\t<\/div>\n\t\t\t\t<div class=\"elementor-element elementor-element-c36d2ec elementor-widget elementor-widget-heading\" data-id=\"c36d2ec\" data-element_type=\"widget\" data-e-type=\"widget\" data-widget_type=\"heading.default\">\n\t\t\t\t<div class=\"elementor-widget-container\">\n\t\t\t\t\t<h2 class=\"elementor-heading-title elementor-size-default\">Verzicht auf Alkohol vor und nach Botox<\/h2>\t\t\t\t<\/div>\n\t\t\t\t<\/div>\n\t\t\t\t<div class=\"elementor-element elementor-element-6a92ce0 elementor-widget elementor-widget-text-editor\" data-id=\"6a92ce0\" data-element_type=\"widget\" data-e-type=\"widget\" data-widget_type=\"text-editor.default\">\n\t\t\t\t<div class=\"elementor-widget-container\">\n\t\t\t\t\t\t\t\t\t<p>Mindestens zwei Tage vor und 2 Tage nach der Behandlung sollten Sie komplett auf Alkohol verzichten. Alkohol wirkt blutverd\u00fcnnend und erh\u00f6ht deshalb das Risiko f\u00fcr die Entstehung von Schwellungen, Blutungen oder kleinen H\u00e4matomen.<\/p>\t\t\t\t\t\t\t\t<\/div>\n\t\t\t\t<\/div>\n\t\t\t\t<div class=\"elementor-element elementor-element-7ca6785 elementor-widget elementor-widget-text-editor\" data-id=\"7ca6785\" data-element_type=\"widget\" data-e-type=\"widget\" data-widget_type=\"text-editor.default\">\n\t\t\t\t<div class=\"elementor-widget-container\">\n\t\t\t\t\t\t\t\t\t<p>Die Wahrscheinlichkeit, dass es nach einer Botox-Behandlung zu blauen Flecken kommt, erh\u00f6ht sich signifikant durch vorherigen Alkoholkonsum. Um eine \u00fcberm\u00e4\u00dfige Durchblutung der Gef\u00e4\u00dfe nach der Behandlung zu verhindern, sollten Sie daher auch im Anschluss an die Behandlung Alkohol meiden.<\/p>\t\t\t\t\t\t\t\t<\/div>\n\t\t\t\t<\/div>\n\t\t\t\t<div class=\"elementor-element elementor-element-9b424d0 elementor-widget elementor-widget-text-editor\" data-id=\"9b424d0\" data-element_type=\"widget\" data-e-type=\"widget\" data-widget_type=\"text-editor.default\">\n\t\t\t\t<div class=\"elementor-widget-container\">\n\t\t\t\t\t\t\t\t\t<p>Das Gleiche gilt f\u00fcr Medikamente, die eine blutverd\u00fcnnende oder gerinnungshemmende Wirkung haben. Dazu geh\u00f6ren beispielsweise Aspirin, Ibuprofen oder Heparin. Gerne besprechen wir alle Fragen hierzu im Vorgespr\u00e4ch.<\/p>\t\t\t\t\t\t\t\t<\/div>\n\t\t\t\t<\/div>\n\t\t\t\t<div class=\"elementor-element elementor-element-751fd4f elementor-widget elementor-widget-heading\" data-id=\"751fd4f\" data-element_type=\"widget\" data-e-type=\"widget\" data-widget_type=\"heading.default\">\n\t\t\t\t<div class=\"elementor-widget-container\">\n\t\t\t\t\t<h2 class=\"elementor-heading-title elementor-size-default\">Vermeidung von direkter Sonneneinstrahlung<\/h2>\t\t\t\t<\/div>\n\t\t\t\t<\/div>\n\t\t\t\t<div class=\"elementor-element elementor-element-3f5bb64 elementor-widget elementor-widget-text-editor\" data-id=\"3f5bb64\" data-element_type=\"widget\" data-e-type=\"widget\" data-widget_type=\"text-editor.default\">\n\t\t\t\t<div class=\"elementor-widget-container\">\n\t\t\t\t\t\t\t\t\t<p>Nach einer Botox-Behandlung sollten Sie direkte und intensive Sonneneinstrahlung f\u00fcr mindestens 24 Stunden meiden. Die UV-Strahlen im Sonnenlicht k\u00f6nnen die Haut zus\u00e4tzlich reizen. Zudem erh\u00f6ht sich durch Sonnenexposition die Durchblutung der Haut.<\/p>\t\t\t\t\t\t\t\t<\/div>\n\t\t\t\t<\/div>\n\t\t\t\t<div class=\"elementor-element elementor-element-3bbac01 elementor-widget elementor-widget-text-editor\" data-id=\"3bbac01\" data-element_type=\"widget\" data-e-type=\"widget\" data-widget_type=\"text-editor.default\">\n\t\t\t\t<div class=\"elementor-widget-container\">\n\t\t\t\t\t\t\t\t\t<p>Verwenden Sie in der Zeit nach der Behandlung konsequent Lichtschutzprodukte, um die Haut vor der Entstehung freier Radikale zu sch\u00fctzen. So h\u00e4lt sich die Wirkung Ihrer Botox-Behandlung l\u00e4nger und der nat\u00fcrlichen Hautalterung wird vorgebeugt.<\/p>\t\t\t\t\t\t\t\t<\/div>\n\t\t\t\t<\/div>\n\t\t\t\t<div class=\"elementor-element elementor-element-500ae5e elementor-widget elementor-widget-heading\" data-id=\"500ae5e\" data-element_type=\"widget\" data-e-type=\"widget\" data-widget_type=\"heading.default\">\n\t\t\t\t<div class=\"elementor-widget-container\">\n\t\t\t\t\t<h2 class=\"elementor-heading-title elementor-size-default\">Die richtige Pflege der Haut nach einer Botox-Behandlung<\/h2>\t\t\t\t<\/div>\n\t\t\t\t<\/div>\n\t\t\t\t<div class=\"elementor-element elementor-element-612efbd elementor-widget elementor-widget-text-editor\" data-id=\"612efbd\" data-element_type=\"widget\" data-e-type=\"widget\" data-widget_type=\"text-editor.default\">\n\t\t\t\t<div class=\"elementor-widget-container\">\n\t\t\t\t\t\t\t\t\t<p>Verzichten Sie nach der Behandlung auf Peelings und pflegen Sie Ihre Haut mit einer milden Feuchtigkeitspflege. So kann sich die Haut optimal regenerieren. Gesichtsmassagen oder sonstige Kosmetikbehandlungen sollten unmittelbar nach der Injektion nicht stattfinden.<\/p>\t\t\t\t\t\t\t\t<\/div>\n\t\t\t\t<\/div>\n\t\t\t\t<div class=\"elementor-element elementor-element-3a078b2 elementor-widget elementor-widget-heading\" data-id=\"3a078b2\" data-element_type=\"widget\" data-e-type=\"widget\" data-widget_type=\"heading.default\">\n\t\t\t\t<div class=\"elementor-widget-container\">\n\t\t\t\t\t<h2 class=\"elementor-heading-title elementor-size-default\">Geduld zahlt sich aus<\/h2>\t\t\t\t<\/div>\n\t\t\t\t<\/div>\n\t\t\t\t<div class=\"elementor-element elementor-element-2e71318 elementor-widget elementor-widget-text-editor\" data-id=\"2e71318\" data-element_type=\"widget\" data-e-type=\"widget\" data-widget_type=\"text-editor.default\">\n\t\t\t\t<div class=\"elementor-widget-container\">\n\t\t\t\t\t\t\t\t\t<p>Ihr individuelles Verhalten nach einer Botox-Behandlung ist ma\u00dfgeblich f\u00fcr den Erfolg der Injektion verantwortlich. Wir besprechen alles Wichtige im Rahmen Ihres Vorgespr\u00e4chs und geben Ihnen am Tag der Behandlung weitere sinnvolle Tipps, wie Sie die Nachsorge nach Botox am besten unterst\u00fctzen k\u00f6nnen. Wichtig ist, dass Sie ein wenig Geduld mitbringen, denn das finale Ergebnis zeigt sich erst nach etwa 4 bis 14 Tagen.<\/p>\t\t\t\t\t\t\t\t<\/div>\n\t\t\t\t<\/div>\n\t\t\t\t\t<\/div>\n\t\t<\/div>\n\t\t\t\t\t<\/div>\n\t\t<\/section>\n\t\t\t\t<section class=\"elementor-section elementor-top-section elementor-element elementor-element-c439934 elementor-section-boxed elementor-section-height-default elementor-section-height-default\" data-id=\"c439934\" data-element_type=\"section\" data-e-type=\"section\">\n\t\t\t\t\t\t<div class=\"elementor-container elementor-column-gap-default\">\n\t\t\t\t\t<div class=\"elementor-column elementor-col-100 elementor-top-column elementor-element elementor-element-4fffc2d\" data-id=\"4fffc2d\" data-element_type=\"column\" data-e-type=\"column\" data-settings=\"{&quot;background_background&quot;:&quot;classic&quot;}\">\n\t\t\t<div class=\"elementor-widget-wrap elementor-element-populated\">\n\t\t\t\t\t\t<section class=\"elementor-section elementor-inner-section elementor-element elementor-element-26b3dcc elementor-section-boxed elementor-section-height-default elementor-section-height-default\" data-id=\"26b3dcc\" data-element_type=\"section\" data-e-type=\"section\">\n\t\t\t\t\t\t<div class=\"elementor-container elementor-column-gap-default\">\n\t\t\t\t\t<div class=\"elementor-column elementor-col-50 elementor-inner-column elementor-element elementor-element-a3f520b\" data-id=\"a3f520b\" data-element_type=\"column\" data-e-type=\"column\">\n\t\t\t<div class=\"elementor-widget-wrap elementor-element-populated\">\n\t\t\t\t\t\t<div class=\"elementor-element elementor-element-5581118 elementor-widget elementor-widget-text-editor\" data-id=\"5581118\" data-element_type=\"widget\" data-e-type=\"widget\" data-widget_type=\"text-editor.default\">\n\t\t\t\t<div class=\"elementor-widget-container\">\n\t\t\t\t\t\t\t\t\t<p>Sie interessieren sich f\u00fcr eine Botox-Behandlung im Raum Margem Sul \/ Almada \/ Set\u00fabal \/ Grande Lisboa? Dann kontaktieren Sie uns. Wir beraten Sie gerne.<\/p>\t\t\t\t\t\t\t\t<\/div>\n\t\t\t\t<\/div>\n\t\t\t\t\t<\/div>\n\t\t<\/div>\n\t\t\t\t<div class=\"elementor-column elementor-col-50 elementor-inner-column elementor-element elementor-element-11d1aa2\" data-id=\"11d1aa2\" data-element_type=\"column\" data-e-type=\"column\">\n\t\t\t<div class=\"elementor-widget-wrap elementor-element-populated\">\n\t\t\t\t\t\t<div class=\"elementor-element elementor-element-fb42369 elementor-align-center elementor-widget elementor-widget-button\" data-id=\"fb42369\" data-element_type=\"widget\" data-e-type=\"widget\" data-widget_type=\"button.default\">\n\t\t\t\t<div class=\"elementor-widget-container\">\n\t\t\t\t\t\t\t\t\t<div class=\"elementor-button-wrapper\">\n\t\t\t\t\t<a class=\"elementor-button elementor-button-link elementor-size-sm\" href=\"https:\/\/laserdermatology.pt\/de\/estetica\/\">\n\t\t\t\t\t\t<span class=\"elementor-button-content-wrapper\">\n\t\t\t\t\t\t\t\t\t<span class=\"elementor-button-text\">TERMIN VEREINBAREN<\/span>\n\t\t\t\t\t<\/span>\n\t\t\t\t\t<\/a>\n\t\t\t\t<\/div>\n\t\t\t\t\t\t\t\t<\/div>\n\t\t\t\t<\/div>\n\t\t\t\t\t<\/div>\n\t\t<\/div>\n\t\t\t\t\t<\/div>\n\t\t<\/section>\n\t\t\t\t\t<\/div>\n\t\t<\/div>\n\t\t\t\t\t<\/div>\n\t\t<\/section>\n\t\t\t\t<section class=\"elementor-section elementor-top-section elementor-element elementor-element-a31ebba elementor-section-boxed elementor-section-height-default elementor-section-height-default\" data-id=\"a31ebba\" data-element_type=\"section\" data-e-type=\"section\">\n\t\t\t\t\t\t<div class=\"elementor-container elementor-column-gap-default\">\n\t\t\t\t\t<div class=\"elementor-column elementor-col-100 elementor-top-column elementor-element elementor-element-c111d76\" data-id=\"c111d76\" data-element_type=\"column\" data-e-type=\"column\">\n\t\t\t<div class=\"elementor-widget-wrap elementor-element-populated\">\n\t\t\t\t\t\t<div class=\"elementor-element elementor-element-cb91ac7 elementor-align-center elementor-widget elementor-widget-button\" data-id=\"cb91ac7\" data-element_type=\"widget\" data-e-type=\"widget\" data-widget_type=\"button.default\">\n\t\t\t\t<div class=\"elementor-widget-container\">\n\t\t\t\t\t\t\t\t\t<div class=\"elementor-button-wrapper\">\n\t\t\t\t\t<a class=\"elementor-button elementor-button-link elementor-size-sm\" href=\"https:\/\/laserdermatology.pt\/de\/estetica\/\">\n\t\t\t\t\t\t<span class=\"elementor-button-content-wrapper\">\n\t\t\t\t\t\t\t\t\t<span class=\"elementor-button-text\">ZUR\u00dcCK<\/span>\n\t\t\t\t\t<\/span>\n\t\t\t\t\t<\/a>\n\t\t\t\t<\/div>\n\t\t\t\t\t\t\t\t<\/div>\n\t\t\t\t<\/div>\n\t\t\t\t\t<\/div>\n\t\t<\/div>\n\t\t\t\t\t<\/div>\n\t\t<\/section>\n\t\t\t\t<\/div>\n\t\t","protected":false},"excerpt":{"rendered":"<p>Os cuidados adequados ap\u00c3\u00b3s o Botox Ap\u00c3\u00b3s um tratamento com Botox, voc\u00c3\u00aa estar\u00c3\u00a1 imediatamente apto(a) a retomar suas atividades sociais. No entanto, existem algumas recomenda\u00c3\u00a7\u00c3\u00b5es de comportamento que voc\u00c3\u00aa deve seguir para obter o melhor resultado poss\u00c3\u00advel. Resfriar as \u00c3\u00a1reas tratadas ap\u00c3\u00b3s a aplica\u00c3\u00a7\u00c3\u00a3o de Botox Logo ap\u00c3\u00b3s a aplica\u00c3\u00a7\u00c3\u00a3o, fornecemos uma compressa fria para [&hellip;]<\/p>\n","protected":false},"author":234862901,"featured_media":3391,"parent":178,"menu_order":0,"comment_status":"closed","ping_status":"closed","template":"elementor_header_footer","meta":{"site-sidebar-layout":"no-sidebar","site-content-layout":"","ast-site-content-layout":"full-width-container","site-content-style":"default","site-sidebar-style":"default","ast-global-header-display":"disabled","ast-banner-title-visibility":"","ast-main-header-display":"","ast-hfb-above-header-display":"","ast-hfb-below-header-display":"","ast-hfb-mobile-header-display":"","site-post-title":"disabled","ast-breadcrumbs-content":"","ast-featured-img":"disabled","footer-sml-layout":"disabled","theme-transparent-header-meta":"","adv-header-id-meta":"","stick-header-meta":"","header-above-stick-meta":"","header-main-stick-meta":"","header-below-stick-meta":"","astra-migrate-meta-layouts":"default","ast-page-background-enabled":"default","ast-page-background-meta":{"desktop":{"background-color":"var(--ast-global-color-4)","background-image":"","background-repeat":"repeat","background-position":"center center","background-size":"auto","background-attachment":"scroll","background-type":"","background-media":"","overlay-type":"","overlay-color":"","overlay-opacity":"","overlay-gradient":""},"tablet":{"background-color":"","background-image":"","background-repeat":"repeat","background-position":"center center","background-size":"auto","background-attachment":"scroll","background-type":"","background-media":"","overlay-type":"","overlay-color":"","overlay-opacity":"","overlay-gradient":""},"mobile":{"background-color":"","background-image":"","background-repeat":"repeat","background-position":"center center","background-size":"auto","background-attachment":"scroll","background-type":"","background-media":"","overlay-type":"","overlay-color":"","overlay-opacity":"","overlay-gradient":""}},"ast-content-background-meta":{"desktop":{"background-color":"var(--ast-global-color-5)","background-image":"","background-repeat":"repeat","background-position":"center center","background-size":"auto","background-attachment":"scroll","background-type":"","background-media":"","overlay-type":"","overlay-color":"","overlay-opacity":"","overlay-gradient":""},"tablet":{"background-color":"var(--ast-global-color-5)","background-image":"","background-repeat":"repeat","background-position":"center center","background-size":"auto","background-attachment":"scroll","background-type":"","background-media":"","overlay-type":"","overlay-color":"","overlay-opacity":"","overlay-gradient":""},"mobile":{"background-color":"var(--ast-global-color-5)","background-image":"","background-repeat":"repeat","background-position":"center center","background-size":"auto","background-attachment":"scroll","background-type":"","background-media":"","overlay-type":"","overlay-color":"","overlay-opacity":"","overlay-gradient":""}},"footnotes":""},"class_list":["post-3386","page","type-page","status-publish","has-post-thumbnail","hentry"],"_links":{"self":[{"href":"https:\/\/laserdermatology.pt\/de\/wp-json\/wp\/v2\/pages\/3386","targetHints":{"allow":["GET"]}}],"collection":[{"href":"https:\/\/laserdermatology.pt\/de\/wp-json\/wp\/v2\/pages"}],"about":[{"href":"https:\/\/laserdermatology.pt\/de\/wp-json\/wp\/v2\/types\/page"}],"author":[{"embeddable":true,"href":"https:\/\/laserdermatology.pt\/de\/wp-json\/wp\/v2\/users\/234862901"}],"replies":[{"embeddable":true,"href":"https:\/\/laserdermatology.pt\/de\/wp-json\/wp\/v2\/comments?post=3386"}],"version-history":[{"count":20,"href":"https:\/\/laserdermatology.pt\/de\/wp-json\/wp\/v2\/pages\/3386\/revisions"}],"predecessor-version":[{"id":3722,"href":"https:\/\/laserdermatology.pt\/de\/wp-json\/wp\/v2\/pages\/3386\/revisions\/3722"}],"up":[{"embeddable":true,"href":"https:\/\/laserdermatology.pt\/de\/wp-json\/wp\/v2\/pages\/178"}],"wp:featuredmedia":[{"embeddable":true,"href":"https:\/\/laserdermatology.pt\/de\/wp-json\/wp\/v2\/media\/3391"}],"wp:attachment":[{"href":"https:\/\/laserdermatology.pt\/de\/wp-json\/wp\/v2\/media?parent=3386"}],"curies":[{"name":"wp","href":"https:\/\/api.w.org\/{rel}","templated":true}]}}