{"id":1563,"date":"2023-12-03T10:40:44","date_gmt":"2023-12-03T10:40:44","guid":{"rendered":"https:\/\/laserdermatology.pt\/?page_id=1563"},"modified":"2025-04-26T13:52:20","modified_gmt":"2025-04-26T12:52:20","slug":"injeccoes-lipoliticas","status":"publish","type":"page","link":"https:\/\/laserdermatology.pt\/de\/estetica\/injeccoes-lipoliticas\/","title":{"rendered":"Injec\u00e7\u00f5es Lipol\u00edticas"},"content":{"rendered":"\t\t<div data-elementor-type=\"wp-page\" data-elementor-id=\"1563\" class=\"elementor elementor-1563\" data-elementor-post-type=\"page\">\n\t\t\t\t\t\t<section class=\"elementor-section elementor-top-section elementor-element elementor-element-b1888f3 elementor-section-boxed elementor-section-height-default elementor-section-height-default\" data-id=\"b1888f3\" data-element_type=\"section\" data-e-type=\"section\">\n\t\t\t\t\t\t<div class=\"elementor-container elementor-column-gap-default\">\n\t\t\t\t\t<div class=\"elementor-column elementor-col-100 elementor-top-column elementor-element elementor-element-4aa1086\" data-id=\"4aa1086\" data-element_type=\"column\" data-e-type=\"column\">\n\t\t\t<div class=\"elementor-widget-wrap elementor-element-populated\">\n\t\t\t\t\t\t<div class=\"elementor-element elementor-element-a626a81 elementor-widget elementor-widget-heading\" data-id=\"a626a81\" data-element_type=\"widget\" data-e-type=\"widget\" data-widget_type=\"heading.default\">\n\t\t\t\t<div class=\"elementor-widget-container\">\n\t\t\t\t\t<h1 class=\"elementor-heading-title elementor-size-default\">Injektionslipolyse<\/h1>\t\t\t\t<\/div>\n\t\t\t\t<\/div>\n\t\t\t\t<div class=\"elementor-element elementor-element-934d6aa elementor-widget elementor-widget-image\" data-id=\"934d6aa\" data-element_type=\"widget\" data-e-type=\"widget\" data-widget_type=\"image.default\">\n\t\t\t\t<div class=\"elementor-widget-container\">\n\t\t\t\t\t\t\t\t\t\t\t\t\t\t\t<img fetchpriority=\"high\" decoding=\"async\" width=\"1024\" height=\"682\" src=\"https:\/\/laserdermatology.pt\/wp-content\/uploads\/2024\/12\/Injeccoes-lipoliticas.jpg\" class=\"attachment-large size-large wp-image-3439\" alt=\"Inje\u00e7\u00e3o de elimina\u00e7\u00e3o de gordura no abd\u00f3men de uma mulher\" \/>\t\t\t\t\t\t\t\t\t\t\t\t\t\t\t<\/div>\n\t\t\t\t<\/div>\n\t\t\t\t<div class=\"elementor-element elementor-element-8ca690e elementor-widget elementor-widget-text-editor\" data-id=\"8ca690e\" data-element_type=\"widget\" data-e-type=\"widget\" data-widget_type=\"text-editor.default\">\n\t\t\t\t<div class=\"elementor-widget-container\">\n\t\t\t\t\t\t\t\t\t<p><span lang=\"DE\">Die Injektionslipolyse, auch bekannt als lipolytische Injektionen oder fettl\u00f6sende Injektionen, ist ein nicht-chirurgisches kosmetisches Verfahren zur Reduzierung lokaler Fettdepots im K\u00f6rper. Bei dieser Technik wird eine L\u00f6sung, die in der Regel Desoxychols\u00e4ure (DC) oder Phosphatidylcholin (PC) enth\u00e4lt, direkt in die zu behandelnden Fettdepots injiziert. Durch die injizierte L\u00f6sung werden die Fettzellen abgebaut und emulgiert, so dass der K\u00f6rper sie auf nat\u00fcrliche Weise verstoffwechseln und abbauen kann. Die Injektionslipolyse wird h\u00e4ufig zu Konturierungszwecken eingesetzt, z. B. zur Reduzierung von Doppelkinn, Fettp\u00f6lsterchen oder Oberschenkelfett. Obwohl sie in einigen F\u00e4llen wirksam sein kann, ist sie kein Ersatz f\u00fcr herk\u00f6mmliche Methoden zur Gewichtsabnahme und sollte von einem qualifizierten Arzt durchgef\u00fchrt werden.<\/span><\/p>\t\t\t\t\t\t\t\t<\/div>\n\t\t\t\t<\/div>\n\t\t\t\t<div class=\"elementor-element elementor-element-f61023c elementor-widget elementor-widget-text-editor\" data-id=\"f61023c\" data-element_type=\"widget\" data-e-type=\"widget\" data-widget_type=\"text-editor.default\">\n\t\t\t\t<div class=\"elementor-widget-container\">\n\t\t\t\t\t\t\t\t\t<p><span lang=\"DE\">Das Verfahren gilt als weniger invasiv als chirurgische Optionen wie die Fettabsaugung und erfordert in der Regel eine Reihe von Behandlungen \u00fcber mehrere Wochen, um optimale Ergebnisse zu erzielen. Es ist jedoch zu beachten, dass die Wirksamkeit und Sicherheit der Injektionslipolyse variieren kann.<\/span><\/p>\t\t\t\t\t\t\t\t<\/div>\n\t\t\t\t<\/div>\n\t\t\t\t<div class=\"elementor-element elementor-element-da55037 elementor-widget elementor-widget-text-editor\" data-id=\"da55037\" data-element_type=\"widget\" data-e-type=\"widget\" data-widget_type=\"text-editor.default\">\n\t\t\t\t<div class=\"elementor-widget-container\">\n\t\t\t\t\t\t\t\t\t<p><span lang=\"DE\">Es ist wichtig, sich von einem qualifizierten und erfahrenen Arzt beraten zu lassen, um die beste Art von Produkt und Behandlungsplan f\u00fcr die individuellen Ziele und Anliegen zu bestimmen. Nur so k\u00f6nnen Sicherheit und Wirksamkeit gew\u00e4hrleistet werden.<\/span><\/p>\t\t\t\t\t\t\t\t<\/div>\n\t\t\t\t<\/div>\n\t\t\t\t\t<\/div>\n\t\t<\/div>\n\t\t\t\t\t<\/div>\n\t\t<\/section>\n\t\t\t\t<section class=\"elementor-section elementor-top-section elementor-element elementor-element-eaf6a87 elementor-section-boxed elementor-section-height-default elementor-section-height-default\" data-id=\"eaf6a87\" data-element_type=\"section\" data-e-type=\"section\">\n\t\t\t\t\t\t<div class=\"elementor-container elementor-column-gap-default\">\n\t\t\t\t\t<div class=\"elementor-column elementor-col-100 elementor-top-column elementor-element elementor-element-fef5228\" data-id=\"fef5228\" data-element_type=\"column\" data-e-type=\"column\">\n\t\t\t<div class=\"elementor-widget-wrap elementor-element-populated\">\n\t\t\t\t\t\t<div class=\"elementor-element elementor-element-eaf5d29 elementor-align-center elementor-widget elementor-widget-button\" data-id=\"eaf5d29\" data-element_type=\"widget\" data-e-type=\"widget\" data-widget_type=\"button.default\">\n\t\t\t\t<div class=\"elementor-widget-container\">\n\t\t\t\t\t\t\t\t\t<div class=\"elementor-button-wrapper\">\n\t\t\t\t\t<a class=\"elementor-button elementor-button-link elementor-size-sm\" href=\"https:\/\/laserdermatology.pt\/de\/estetica\/\">\n\t\t\t\t\t\t<span class=\"elementor-button-content-wrapper\">\n\t\t\t\t\t\t\t\t\t<span class=\"elementor-button-text\">ZUR\u00dcCK<\/span>\n\t\t\t\t\t<\/span>\n\t\t\t\t\t<\/a>\n\t\t\t\t<\/div>\n\t\t\t\t\t\t\t\t<\/div>\n\t\t\t\t<\/div>\n\t\t\t\t\t<\/div>\n\t\t<\/div>\n\t\t\t\t\t<\/div>\n\t\t<\/section>\n\t\t\t\t<\/div>\n\t\t","protected":false},"excerpt":{"rendered":"<p>Injec\u00c3\u00a7\u00c3\u00b5es Lipol\u00c3\u00adticas A lip\u00c3\u00b3lise por inje\u00c3\u00a7\u00c3\u00a3o, tamb\u00c3\u00a9m conhecida como injec\u00c3\u00a7\u00c3\u00b5es lipol\u00c3\u00adticas ou injec\u00c3\u00a7\u00c3\u00b5es de dissolu\u00c3\u00a7\u00c3\u00a3o de gordura, \u00c3\u00a9 um procedimento cosm\u00c3\u00a9tico n\u00c3\u00a3o cir\u00c3\u00bargico concebido para reduzir os dep\u00c3\u00b3sitos de gordura localizada no corpo. Esta t\u00c3\u00a9cnica envolve a inje\u00c3\u00a7\u00c3\u00a3o de uma solu\u00c3\u00a7\u00c3\u00a3o, normalmente contendo \u00c3\u00a1cido desoxic\u00c3\u00b3lico (DC) ou fosfatidilcolina (PC), diretamente nos dep\u00c3\u00b3sitos de gordura visados. [&hellip;]<\/p>\n","protected":false},"author":234862901,"featured_media":0,"parent":178,"menu_order":0,"comment_status":"closed","ping_status":"closed","template":"","meta":{"site-sidebar-layout":"no-sidebar","site-content-layout":"","ast-site-content-layout":"full-width-container","site-content-style":"default","site-sidebar-style":"default","ast-global-header-display":"disabled","ast-banner-title-visibility":"","ast-main-header-display":"","ast-hfb-above-header-display":"","ast-hfb-below-header-display":"","ast-hfb-mobile-header-display":"","site-post-title":"disabled","ast-breadcrumbs-content":"","ast-featured-img":"disabled","footer-sml-layout":"disabled","theme-transparent-header-meta":"","adv-header-id-meta":"","stick-header-meta":"","header-above-stick-meta":"","header-main-stick-meta":"","header-below-stick-meta":"","astra-migrate-meta-layouts":"","ast-page-background-enabled":"default","ast-page-background-meta":{"desktop":{"background-color":"var(--ast-global-color-4)","background-image":"","background-repeat":"repeat","background-position":"center center","background-size":"auto","background-attachment":"scroll","background-type":"","background-media":"","overlay-type":"","overlay-color":"","overlay-opacity":"","overlay-gradient":""},"tablet":{"background-color":"","background-image":"","background-repeat":"repeat","background-position":"center center","background-size":"auto","background-attachment":"scroll","background-type":"","background-media":"","overlay-type":"","overlay-color":"","overlay-opacity":"","overlay-gradient":""},"mobile":{"background-color":"","background-image":"","background-repeat":"repeat","background-position":"center center","background-size":"auto","background-attachment":"scroll","background-type":"","background-media":"","overlay-type":"","overlay-color":"","overlay-opacity":"","overlay-gradient":""}},"ast-content-background-meta":{"desktop":{"background-color":"var(--ast-global-color-5)","background-image":"","background-repeat":"repeat","background-position":"center center","background-size":"auto","background-attachment":"scroll","background-type":"","background-media":"","overlay-type":"","overlay-color":"","overlay-opacity":"","overlay-gradient":""},"tablet":{"background-color":"var(--ast-global-color-5)","background-image":"","background-repeat":"repeat","background-position":"center center","background-size":"auto","background-attachment":"scroll","background-type":"","background-media":"","overlay-type":"","overlay-color":"","overlay-opacity":"","overlay-gradient":""},"mobile":{"background-color":"var(--ast-global-color-5)","background-image":"","background-repeat":"repeat","background-position":"center center","background-size":"auto","background-attachment":"scroll","background-type":"","background-media":"","overlay-type":"","overlay-color":"","overlay-opacity":"","overlay-gradient":""}},"footnotes":""},"class_list":["post-1563","page","type-page","status-publish","hentry"],"_links":{"self":[{"href":"https:\/\/laserdermatology.pt\/de\/wp-json\/wp\/v2\/pages\/1563","targetHints":{"allow":["GET"]}}],"collection":[{"href":"https:\/\/laserdermatology.pt\/de\/wp-json\/wp\/v2\/pages"}],"about":[{"href":"https:\/\/laserdermatology.pt\/de\/wp-json\/wp\/v2\/types\/page"}],"author":[{"embeddable":true,"href":"https:\/\/laserdermatology.pt\/de\/wp-json\/wp\/v2\/users\/234862901"}],"replies":[{"embeddable":true,"href":"https:\/\/laserdermatology.pt\/de\/wp-json\/wp\/v2\/comments?post=1563"}],"version-history":[{"count":33,"href":"https:\/\/laserdermatology.pt\/de\/wp-json\/wp\/v2\/pages\/1563\/revisions"}],"predecessor-version":[{"id":3723,"href":"https:\/\/laserdermatology.pt\/de\/wp-json\/wp\/v2\/pages\/1563\/revisions\/3723"}],"up":[{"embeddable":true,"href":"https:\/\/laserdermatology.pt\/de\/wp-json\/wp\/v2\/pages\/178"}],"wp:attachment":[{"href":"https:\/\/laserdermatology.pt\/de\/wp-json\/wp\/v2\/media?parent=1563"}],"curies":[{"name":"wp","href":"https:\/\/api.w.org\/{rel}","templated":true}]}}